{"id":57,"date":"2025-04-09T21:06:50","date_gmt":"2025-04-09T20:06:50","guid":{"rendered":"https:\/\/bornholmermotiver.dk\/?page_id=57"},"modified":"2025-04-26T23:54:12","modified_gmt":"2025-04-26T22:54:12","slug":"home","status":"publish","type":"page","link":"https:\/\/bornholmermotiver.dk\/?page_id=57","title":{"rendered":"Om"},"content":{"rendered":"<div data-colibri-id=\"57-c1\" class=\"style-421 style-local-57-c1 position-relative\">\n  <!---->\n  <div data-colibri-component=\"section\" data-colibri-id=\"57-c2\" id=\"about\" class=\"h-section h-section-global-spacing d-flex align-items-lg-center align-items-md-center align-items-center style-422 style-local-57-c2 position-relative\">\n    <!---->\n    <!---->\n    <div class=\"h-section-grid-container h-section-boxed-container\">\n      <!---->\n      <div data-colibri-id=\"57-c3\" class=\"h-row-container gutters-row-lg-0 gutters-row-md-0 gutters-row-0 gutters-row-v-lg-0 gutters-row-v-md-0 gutters-row-v-0 style-423 style-local-57-c3 position-relative\">\n        <!---->\n        <div class=\"h-row justify-content-lg-center justify-content-md-center justify-content-center align-items-lg-stretch align-items-md-stretch align-items-stretch gutters-col-lg-0 gutters-col-md-0 gutters-col-0 gutters-col-v-lg-0 gutters-col-v-md-0 gutters-col-v-0\">\n          <!---->\n          <div class=\"h-column h-column-container d-flex h-col-lg-auto h-col-md-auto h-col-auto style-424-outer style-local-57-c4-outer\">\n            <div data-colibri-id=\"57-c4\" class=\"d-flex h-flex-basis h-column__inner h-px-lg-0 h-px-md-0 h-px-0 v-inner-lg-0 v-inner-md-0 v-inner-0 style-424 style-local-57-c4 position-relative\">\n              <!---->\n              <!---->\n              <div class=\"w-100 h-y-container h-column__content h-column__v-align flex-basis-100 align-self-lg-start align-self-md-start align-self-start\">\n                <!---->\n                <div data-colibri-id=\"57-c5\" class=\"h-global-transition-all h-heading style-425 style-local-57-c5 position-relative h-element\">\n                  <!---->\n                  <div class=\"h-heading__outer style-425 style-local-57-c5\">\n                    <!---->\n                    <!---->\n                    <h5 class=\"\">Om<\/h5>\n                  <\/div>\n                <\/div>\n                <div data-colibri-id=\"57-c6\" class=\"h-global-transition-all h-heading style-426 style-local-57-c6 position-relative h-element\">\n                  <!---->\n                  <div class=\"h-heading__outer style-426 style-local-57-c6\">\n                    <!---->\n                    <!---->\n                    <h2 class=\"\">Mit navn er Kennet Hult<\/h2>\n                  <\/div>\n                <\/div>\n                <div data-colibri-id=\"57-c7\" class=\"h-text h-text-component style-427 style-local-57-c7 position-relative h-element\">\n                  <!---->\n                  <!---->\n                  <div class=\"\">\n                    <p>Jeg er f\u00f8dt i Stockholm og kom til Bornholm som kn\u00e6gt i 1971 og blev boende her p\u00e5 \u00f8en, som har v\u00e6ret med til at forme mig som menneske. Her p\u00e5 \u00f8en g\u00e5r det hele bare lidt langsommere, hvilket passer mig fint.<\/p>\n                    <p>\u00d8ens mange smukke steder har gjort det nemt at ud\u00f8ve en af min mange hobbyer, nemlig at fotografere. Jeg er fotograf i min fritid og jeg inspireres af det jeg ser og sanser.<\/p>\n                    <p>Det afspejles i mine v\u00e6rker.<\/p>\n                  <\/div>\n                <\/div>\n              <\/div>\n            <\/div>\n          <\/div>\n          <div class=\"h-column h-column-container d-flex h-col-lg-auto h-col-md-auto h-col-auto style-428-outer style-local-57-c8-outer\">\n            <div data-colibri-id=\"57-c8\" class=\"d-flex h-flex-basis h-column__inner h-ui-empty-state-container h-px-lg-2 h-px-md-2 h-px-2 v-inner-lg-2 v-inner-md-2 v-inner-2 style-428 style-local-57-c8 position-relative\">\n              <!---->\n              <!---->\n              <div class=\"w-100 h-y-container h-column__content h-column__v-align flex-basis-100\">\n                <!---->\n              <\/div>\n            <\/div>\n          <\/div>\n        <\/div>\n      <\/div>\n    <\/div>\n  <\/div>\n<\/div>","protected":false},"excerpt":{"rendered":"<p>Om Mit navn er Kennet Hult Jeg er f\u00f8dt i Stockholm og kom [&hellip;]<\/p>\n","protected":false},"author":1,"featured_media":0,"parent":0,"menu_order":0,"comment_status":"closed","ping_status":"closed","template":"page-templates\/full-width-page.php","meta":{"footnotes":""},"class_list":["post-57","page","type-page","status-publish","hentry"],"_links":{"self":[{"href":"https:\/\/bornholmermotiver.dk\/index.php?rest_route=\/wp\/v2\/pages\/57","targetHints":{"allow":["GET"]}}],"collection":[{"href":"https:\/\/bornholmermotiver.dk\/index.php?rest_route=\/wp\/v2\/pages"}],"about":[{"href":"https:\/\/bornholmermotiver.dk\/index.php?rest_route=\/wp\/v2\/types\/page"}],"author":[{"embeddable":true,"href":"https:\/\/bornholmermotiver.dk\/index.php?rest_route=\/wp\/v2\/users\/1"}],"replies":[{"embeddable":true,"href":"https:\/\/bornholmermotiver.dk\/index.php?rest_route=%2Fwp%2Fv2%2Fcomments&post=57"}],"version-history":[{"count":11,"href":"https:\/\/bornholmermotiver.dk\/index.php?rest_route=\/wp\/v2\/pages\/57\/revisions"}],"predecessor-version":[{"id":1221,"href":"https:\/\/bornholmermotiver.dk\/index.php?rest_route=\/wp\/v2\/pages\/57\/revisions\/1221"}],"wp:attachment":[{"href":"https:\/\/bornholmermotiver.dk\/index.php?rest_route=%2Fwp%2Fv2%2Fmedia&parent=57"}],"curies":[{"name":"wp","href":"https:\/\/api.w.org\/{rel}","templated":true}]}}