{"id":1447,"date":"2025-05-13T20:16:36","date_gmt":"2025-05-13T19:16:36","guid":{"rendered":"https:\/\/bornholmermotiver.dk\/?page_id=1447"},"modified":"2025-08-27T22:05:19","modified_gmt":"2025-08-27T21:05:19","slug":"stemninger","status":"publish","type":"page","link":"https:\/\/bornholmermotiver.dk\/?page_id=1447","title":{"rendered":"Stemninger"},"content":{"rendered":"<div data-colibri-id=\"1447-c1\" class=\"style-779 style-local-1447-c1 position-relative\">\n  <!---->\n  <div data-colibri-component=\"section\" data-colibri-id=\"1447-c2\" id=\"about\" class=\"h-section h-section-global-spacing d-flex align-items-lg-center align-items-md-center align-items-center style-780 style-local-1447-c2 position-relative\">\n    <!---->\n    <!---->\n    <div class=\"h-section-grid-container h-section-boxed-container\">\n      <!---->\n      <div data-colibri-id=\"1447-c3\" class=\"h-row-container gutters-row-lg-0 gutters-row-md-0 gutters-row-0 gutters-row-v-lg-0 gutters-row-v-md-0 gutters-row-v-0 style-781 style-local-1447-c3 position-relative\">\n        <!---->\n        <div class=\"h-row justify-content-lg-center justify-content-md-center justify-content-center align-items-lg-stretch align-items-md-stretch align-items-stretch gutters-col-lg-0 gutters-col-md-0 gutters-col-0 gutters-col-v-lg-0 gutters-col-v-md-0 gutters-col-v-0\">\n          <!---->\n          <div class=\"h-column h-column-container d-flex h-col-lg-auto h-col-md-auto h-col-auto style-782-outer style-local-1447-c4-outer\">\n            <div data-colibri-id=\"1447-c4\" class=\"d-flex h-flex-basis h-column__inner h-px-lg-0 h-px-md-0 h-px-0 v-inner-lg-0 v-inner-md-0 v-inner-0 style-782 style-local-1447-c4 position-relative\">\n              <!---->\n              <!---->\n              <div class=\"w-100 h-y-container h-column__content h-column__v-align flex-basis-100 align-self-lg-start align-self-md-start align-self-start\">\n                <!---->\n                <div data-colibri-id=\"1447-c5\" class=\"h-global-transition-all h-heading style-783 style-local-1447-c5 position-relative h-element\">\n                  <!---->\n                  <div class=\"h-heading__outer style-783 style-local-1447-c5\">\n                    <!---->\n                    <!---->\n                    <h5 class=\"\">MOONLIGHT<\/h5>\n                  <\/div>\n                <\/div>\n                <div data-colibri-id=\"1447-c6\" class=\"h-global-transition-all h-heading style-784 style-local-1447-c6 position-relative h-element\">\n                  <!---->\n                  <div class=\"h-heading__outer style-784 style-local-1447-c6\">\n                    <!---->\n                    <!---->\n                    <h3 class=\"\">M\u00e5nen spejler sit lys i havet og byens lys oplyser stranden ved Arnager bro<\/h3>\n                  <\/div>\n                <\/div>\n                <div data-colibri-id=\"1447-c7\" class=\"h-text h-text-component style-785 style-local-1447-c7 position-relative h-element\">\n                  <!---->\n                  <!---->\n                  <div class=\"\">\n                    <p>Lorem ipsum dolor sit amet, consectetur adipisicing elit, sed do eiusmod tempor incididunt ut labore et dolore magna aliqua. Ut enim ad minim veniam, quis nostrud exercitation ullamco laboris nisi ut aliquip.<\/p>\n                  <\/div>\n                <\/div>\n              <\/div>\n            <\/div>\n          <\/div>\n          <div class=\"h-column h-column-container d-flex h-col-lg-auto h-col-md-auto h-col-auto style-786-outer style-local-1447-c8-outer\">\n            <div data-colibri-id=\"1447-c8\" class=\"d-flex h-flex-basis h-column__inner h-ui-empty-state-container h-px-lg-2 h-px-md-2 h-px-2 v-inner-lg-2 v-inner-md-2 v-inner-2 style-786 style-local-1447-c8 position-relative\">\n              <!---->\n              <!---->\n              <div class=\"w-100 h-y-container h-column__content h-column__v-align flex-basis-100\">\n                <!---->\n              <\/div>\n            <\/div>\n          <\/div>\n        <\/div>\n      <\/div>\n    <\/div>\n  <\/div>\n  <div data-colibri-component=\"section\" data-colibri-id=\"1447-c9\" id=\"about-2\" class=\"h-section h-section-global-spacing d-flex align-items-lg-center align-items-md-center align-items-center style-787 style-local-1447-c9 position-relative\">\n    <!---->\n    <!---->\n    <div class=\"h-section-grid-container h-section-boxed-container\">\n      <!---->\n      <div data-colibri-id=\"1447-c10\" class=\"h-row-container gutters-row-lg-0 gutters-row-md-0 gutters-row-0 gutters-row-v-lg-0 gutters-row-v-md-0 gutters-row-v-0 style-788 style-local-1447-c10 position-relative\">\n        <!---->\n        <div class=\"h-row justify-content-lg-center justify-content-md-center justify-content-center align-items-lg-stretch align-items-md-stretch align-items-stretch gutters-col-lg-0 gutters-col-md-0 gutters-col-0 gutters-col-v-lg-0 gutters-col-v-md-0 gutters-col-v-0\">\n          <!---->\n          <div class=\"h-column h-column-container d-flex h-col-lg-auto h-col-md-auto h-col-auto style-789-outer style-local-1447-c11-outer\">\n            <div data-colibri-id=\"1447-c11\" class=\"d-flex h-flex-basis h-column__inner h-px-lg-0 h-px-md-0 h-px-0 v-inner-lg-0 v-inner-md-0 v-inner-0 style-789 style-local-1447-c11 position-relative\">\n              <!---->\n              <!---->\n              <div class=\"w-100 h-y-container h-column__content h-column__v-align flex-basis-100 align-self-lg-start align-self-md-start align-self-start\">\n                <!---->\n                <div data-colibri-id=\"1447-c12\" class=\"h-global-transition-all h-heading style-790 style-local-1447-c12 position-relative h-element\">\n                  <!---->\n                  <div class=\"h-heading__outer style-790 style-local-1447-c12\">\n                    <!---->\n                    <!---->\n                    <h5 class=\"\">BURNING STEEL WOOL<\/h5>\n                  <\/div>\n                <\/div>\n                <div data-colibri-id=\"1447-c13\" class=\"h-global-transition-all h-heading style-791 style-local-1447-c13 position-relative h-element\">\n                  <!---->\n                  <div class=\"h-heading__outer style-791 style-local-1447-c13\">\n                    <!---->\n                    <!---->\n                    <h3 class=\"\">Det br\u00e6ndende st\u00e5luld sender gnister rundt mod tunellens v\u00e6gge og danner en ramme af ild.<\/h3>\n                  <\/div>\n                <\/div>\n                <div data-colibri-id=\"1447-c14\" class=\"h-text h-text-component style-792 style-local-1447-c14 position-relative h-element\">\n                  <!---->\n                  <!---->\n                  <div class=\"\">\n                    <p>Lorem ipsum dolor sit amet, consectetur adipisicing elit, sed do eiusmod tempor incididunt ut labore et dolore magna aliqua. Ut enim ad minim veniam, quis nostrud exercitation ullamco laboris nisi ut aliquip.<\/p>\n                  <\/div>\n                <\/div>\n              <\/div>\n            <\/div>\n          <\/div>\n          <div class=\"h-column h-column-container d-flex h-col-lg-auto h-col-md-auto h-col-auto style-793-outer style-local-1447-c15-outer\">\n            <div data-colibri-id=\"1447-c15\" class=\"d-flex h-flex-basis h-column__inner h-ui-empty-state-container h-px-lg-2 h-px-md-2 h-px-2 v-inner-lg-2 v-inner-md-2 v-inner-2 style-793 style-local-1447-c15 position-relative\">\n              <!---->\n              <!---->\n              <div class=\"w-100 h-y-container h-column__content h-column__v-align flex-basis-100\">\n                <!---->\n              <\/div>\n            <\/div>\n          <\/div>\n        <\/div>\n      <\/div>\n    <\/div>\n  <\/div>\n  <div data-colibri-component=\"section\" data-colibri-id=\"1447-c16\" id=\"about-4\" class=\"h-section h-section-global-spacing d-flex align-items-lg-center align-items-md-center align-items-center style-801 style-local-1447-c16 position-relative\">\n    <!---->\n    <!---->\n    <div class=\"h-section-grid-container h-section-boxed-container\">\n      <!---->\n      <div data-colibri-id=\"1447-c17\" class=\"h-row-container gutters-row-lg-0 gutters-row-md-0 gutters-row-0 gutters-row-v-lg-0 gutters-row-v-md-0 gutters-row-v-0 style-802 style-local-1447-c17 position-relative\">\n        <!---->\n        <div class=\"h-row justify-content-lg-center justify-content-md-center justify-content-center align-items-lg-stretch align-items-md-stretch align-items-stretch gutters-col-lg-0 gutters-col-md-0 gutters-col-0 gutters-col-v-lg-0 gutters-col-v-md-0 gutters-col-v-0\">\n          <!---->\n          <div class=\"h-column h-column-container d-flex h-col-lg-auto h-col-md-auto h-col-auto style-803-outer style-local-1447-c18-outer\">\n            <div data-colibri-id=\"1447-c18\" class=\"d-flex h-flex-basis h-column__inner h-px-lg-0 h-px-md-0 h-px-0 v-inner-lg-0 v-inner-md-0 v-inner-0 style-803 style-local-1447-c18 position-relative\">\n              <!---->\n              <!---->\n              <div class=\"w-100 h-y-container h-column__content h-column__v-align flex-basis-100 align-self-lg-start align-self-md-start align-self-start\">\n                <!---->\n                <div data-colibri-id=\"1447-c19\" class=\"h-global-transition-all h-heading style-804 style-local-1447-c19 position-relative h-element\">\n                  <!---->\n                  <div class=\"h-heading__outer style-804 style-local-1447-c19\">\n                    <!---->\n                    <!---->\n                    <h5 class=\"\">LIKE AMAZONAS<\/h5>\n                  <\/div>\n                <\/div>\n                <div data-colibri-id=\"1447-c20\" class=\"h-global-transition-all h-heading style-805 style-local-1447-c20 position-relative h-element\">\n                  <!---->\n                  <div class=\"h-heading__outer style-805 style-local-1447-c20\">\n                    <!---->\n                    <!---->\n                    <h3 class=\"\">Storefos, et af Bornholms mange vandfald&nbsp;&nbsp;<\/h3>\n                  <\/div>\n                <\/div>\n                <div data-colibri-id=\"1447-c21\" class=\"h-text h-text-component style-806 style-local-1447-c21 position-relative h-element\">\n                  <!---->\n                  <!---->\n                  <div class=\"\">\n                    <p>Lorem ipsum dolor sit amet, consectetur adipisicing elit, sed do eiusmod tempor incididunt ut labore et dolore magna aliqua. Ut enim ad minim veniam, quis nostrud exercitation ullamco laboris nisi ut aliquip.<\/p>\n                  <\/div>\n                <\/div>\n              <\/div>\n            <\/div>\n          <\/div>\n          <div class=\"h-column h-column-container d-flex h-col-lg-auto h-col-md-auto h-col-auto style-807-outer style-local-1447-c22-outer\">\n            <div data-colibri-id=\"1447-c22\" class=\"d-flex h-flex-basis h-column__inner h-ui-empty-state-container h-px-lg-2 h-px-md-2 h-px-2 v-inner-lg-2 v-inner-md-2 v-inner-2 style-807 style-local-1447-c22 position-relative\">\n              <!---->\n              <!---->\n              <div class=\"w-100 h-y-container h-column__content h-column__v-align flex-basis-100\">\n                <!---->\n              <\/div>\n            <\/div>\n          <\/div>\n        <\/div>\n      <\/div>\n    <\/div>\n  <\/div>\n  <div data-colibri-component=\"section\" data-colibri-id=\"1447-c23\" id=\"about-3\" class=\"h-section h-section-global-spacing d-flex align-items-lg-center align-items-md-center align-items-center style-815 style-local-1447-c23 position-relative\">\n    <!---->\n    <!---->\n    <div class=\"h-section-grid-container h-section-boxed-container\">\n      <!---->\n      <div data-colibri-id=\"1447-c24\" class=\"h-row-container gutters-row-lg-0 gutters-row-md-0 gutters-row-0 gutters-row-v-lg-0 gutters-row-v-md-0 gutters-row-v-0 style-816 style-local-1447-c24 position-relative\">\n        <!---->\n        <div class=\"h-row justify-content-lg-center justify-content-md-center justify-content-center align-items-lg-stretch align-items-md-stretch align-items-stretch gutters-col-lg-0 gutters-col-md-0 gutters-col-0 gutters-col-v-lg-0 gutters-col-v-md-0 gutters-col-v-0\">\n          <!---->\n          <div class=\"h-column h-column-container d-flex h-col-lg-auto h-col-md-auto h-col-auto style-817-outer style-local-1447-c25-outer\">\n            <div data-colibri-id=\"1447-c25\" class=\"d-flex h-flex-basis h-column__inner h-px-lg-0 h-px-md-0 h-px-0 v-inner-lg-0 v-inner-md-0 v-inner-0 style-817 style-local-1447-c25 position-relative\">\n              <!---->\n              <!---->\n              <div class=\"w-100 h-y-container h-column__content h-column__v-align flex-basis-100 align-self-lg-start align-self-md-start align-self-start\">\n                <!---->\n                <div data-colibri-id=\"1447-c26\" class=\"h-global-transition-all h-heading style-818 style-local-1447-c26 position-relative h-element\">\n                  <!---->\n                  <div class=\"h-heading__outer style-818 style-local-1447-c26\">\n                    <!---->\n                    <!---->\n                    <h5 class=\"\">BAD MOON RISING<\/h5>\n                  <\/div>\n                <\/div>\n                <div data-colibri-id=\"1447-c27\" class=\"h-global-transition-all h-heading style-819 style-local-1447-c27 position-relative h-element\">\n                  <!---->\n                  <div class=\"h-heading__outer style-819 style-local-1447-c27\">\n                    <!---->\n                    <!---->\n                    <h3 class=\"\">Fuldm\u00e5nen rejser sig over Skarpeskade<\/h3>\n                  <\/div>\n                <\/div>\n                <div data-colibri-id=\"1447-c28\" class=\"h-text h-text-component style-820 style-local-1447-c28 position-relative h-element\">\n                  <!---->\n                  <!---->\n                  <div class=\"\">\n                    <p>Lorem ipsum dolor sit amet, consectetur adipisicing elit, sed do eiusmod tempor incididunt ut labore et dolore magna aliqua. Ut enim ad minim veniam, quis nostrud exercitation ullamco laboris nisi ut aliquip.<\/p>\n                  <\/div>\n                <\/div>\n              <\/div>\n            <\/div>\n          <\/div>\n          <div class=\"h-column h-column-container d-flex h-col-lg-auto h-col-md-auto h-col-auto style-821-outer style-local-1447-c29-outer\">\n            <div data-colibri-id=\"1447-c29\" class=\"d-flex h-flex-basis h-column__inner h-ui-empty-state-container h-px-lg-2 h-px-md-2 h-px-2 v-inner-lg-2 v-inner-md-2 v-inner-2 style-821 style-local-1447-c29 position-relative\">\n              <!---->\n              <!---->\n              <div class=\"w-100 h-y-container h-column__content h-column__v-align flex-basis-100\">\n                <!---->\n              <\/div>\n            <\/div>\n          <\/div>\n        <\/div>\n      <\/div>\n    <\/div>\n  <\/div>\n  <div data-colibri-component=\"section\" data-colibri-id=\"1447-c30\" id=\"about-5\" class=\"h-section h-section-global-spacing d-flex align-items-lg-center align-items-md-center align-items-center style-970 style-local-1447-c30 position-relative\">\n    <!---->\n    <!---->\n    <div class=\"h-section-grid-container h-section-boxed-container\">\n      <!---->\n      <div data-colibri-id=\"1447-c31\" class=\"h-row-container gutters-row-lg-0 gutters-row-md-0 gutters-row-0 gutters-row-v-lg-0 gutters-row-v-md-0 gutters-row-v-0 style-971 style-local-1447-c31 position-relative\">\n        <!---->\n        <div class=\"h-row justify-content-lg-center justify-content-md-center justify-content-center align-items-lg-stretch align-items-md-stretch align-items-stretch gutters-col-lg-0 gutters-col-md-0 gutters-col-0 gutters-col-v-lg-0 gutters-col-v-md-0 gutters-col-v-0\">\n          <!---->\n          <div class=\"h-column h-column-container d-flex h-col-lg-auto h-col-md-auto h-col-auto style-972-outer style-local-1447-c32-outer\">\n            <div data-colibri-id=\"1447-c32\" class=\"d-flex h-flex-basis h-column__inner h-px-lg-0 h-px-md-0 h-px-0 v-inner-lg-0 v-inner-md-0 v-inner-0 style-972 style-local-1447-c32 position-relative\">\n              <!---->\n              <!---->\n              <div class=\"w-100 h-y-container h-column__content h-column__v-align flex-basis-100 align-self-lg-start align-self-md-start align-self-start\">\n                <!---->\n                <div data-colibri-id=\"1447-c33\" class=\"h-global-transition-all h-heading style-973 style-local-1447-c33 position-relative h-element\">\n                  <!---->\n                  <div class=\"h-heading__outer style-973 style-local-1447-c33\">\n                    <!---->\n                    <!---->\n                    <h5 class=\"\">LYS KUGLER<\/h5>\n                  <\/div>\n                <\/div>\n                <div data-colibri-id=\"1447-c34\" class=\"h-global-transition-all h-heading style-974 style-local-1447-c34 position-relative h-element\">\n                  <!---->\n                  <div class=\"h-heading__outer style-974 style-local-1447-c34\">\n                    <!---->\n                    <!---->\n                    <h3 class=\"\">Lileborg&nbsp;<\/h3>\n                  <\/div>\n                <\/div>\n                <div data-colibri-id=\"1447-c35\" class=\"h-text h-text-component style-975 style-local-1447-c35 position-relative h-element\">\n                  <!---->\n                  <!---->\n                  <div class=\"\">\n                    <p>Lorem ipsum dolor sit amet, consectetur adipisicing elit, sed do eiusmod tempor incididunt ut labore et dolore magna aliqua. Ut enim ad minim veniam, quis nostrud exercitation ullamco laboris nisi ut aliquip.<\/p>\n                  <\/div>\n                <\/div>\n              <\/div>\n            <\/div>\n          <\/div>\n          <div class=\"h-column h-column-container d-flex h-col-lg-auto h-col-md-auto h-col-auto style-976-outer style-local-1447-c36-outer\">\n            <div data-colibri-id=\"1447-c36\" class=\"d-flex h-flex-basis h-column__inner h-ui-empty-state-container h-px-lg-2 h-px-md-2 h-px-2 v-inner-lg-2 v-inner-md-2 v-inner-2 style-976 style-local-1447-c36 position-relative\">\n              <!---->\n              <!---->\n              <div class=\"w-100 h-y-container h-column__content h-column__v-align flex-basis-100\">\n                <!---->\n              <\/div>\n            <\/div>\n          <\/div>\n        <\/div>\n      <\/div>\n    <\/div>\n  <\/div>\n<\/div>","protected":false},"excerpt":{"rendered":"<p>MOONLIGHT M\u00e5nen spejler sit lys i havet og byens lys oplyser stranden ved [&hellip;]<\/p>\n","protected":false},"author":1,"featured_media":0,"parent":0,"menu_order":0,"comment_status":"closed","ping_status":"closed","template":"page-templates\/full-width-page.php","meta":{"footnotes":""},"class_list":["post-1447","page","type-page","status-publish","hentry"],"_links":{"self":[{"href":"https:\/\/bornholmermotiver.dk\/index.php?rest_route=\/wp\/v2\/pages\/1447","targetHints":{"allow":["GET"]}}],"collection":[{"href":"https:\/\/bornholmermotiver.dk\/index.php?rest_route=\/wp\/v2\/pages"}],"about":[{"href":"https:\/\/bornholmermotiver.dk\/index.php?rest_route=\/wp\/v2\/types\/page"}],"author":[{"embeddable":true,"href":"https:\/\/bornholmermotiver.dk\/index.php?rest_route=\/wp\/v2\/users\/1"}],"replies":[{"embeddable":true,"href":"https:\/\/bornholmermotiver.dk\/index.php?rest_route=%2Fwp%2Fv2%2Fcomments&post=1447"}],"version-history":[{"count":20,"href":"https:\/\/bornholmermotiver.dk\/index.php?rest_route=\/wp\/v2\/pages\/1447\/revisions"}],"predecessor-version":[{"id":2053,"href":"https:\/\/bornholmermotiver.dk\/index.php?rest_route=\/wp\/v2\/pages\/1447\/revisions\/2053"}],"wp:attachment":[{"href":"https:\/\/bornholmermotiver.dk\/index.php?rest_route=%2Fwp%2Fv2%2Fmedia&parent=1447"}],"curies":[{"name":"wp","href":"https:\/\/api.w.org\/{rel}","templated":true}]}}