{"id":1288,"date":"2025-05-11T19:51:54","date_gmt":"2025-05-11T18:51:54","guid":{"rendered":"https:\/\/bornholmermotiver.dk\/?page_id=1288"},"modified":"2025-05-11T23:50:55","modified_gmt":"2025-05-11T22:50:55","slug":"portfolio","status":"publish","type":"page","link":"https:\/\/bornholmermotiver.dk\/?page_id=1288","title":{"rendered":"Portfolio"},"content":{"rendered":"<div data-colibri-id=\"1288-c1\" class=\"style-717 style-local-1288-c1 position-relative\">\n  <!---->\n  <div data-colibri-component=\"section\" data-colibri-id=\"1288-c2\" id=\"about\" class=\"h-section h-section-global-spacing d-flex align-items-lg-center align-items-md-center align-items-center style-725 style-local-1288-c2 position-relative\">\n    <!---->\n    <!---->\n    <div class=\"h-section-grid-container h-section-boxed-container\">\n      <!---->\n      <div data-colibri-id=\"1288-c3\" class=\"h-row-container gutters-row-lg-2 gutters-row-md-2 gutters-row-2 gutters-row-v-lg-2 gutters-row-v-md-2 gutters-row-v-2 style-726 style-local-1288-c3 position-relative\">\n        <!---->\n        <div class=\"h-row justify-content-lg-center justify-content-md-center justify-content-center align-items-lg-stretch align-items-md-stretch align-items-stretch gutters-col-lg-2 gutters-col-md-2 gutters-col-2 gutters-col-v-lg-2 gutters-col-v-md-2 gutters-col-v-2\">\n          <!---->\n          <div class=\"h-column h-column-container d-flex h-col-lg-auto h-col-md-auto h-col-auto style-727-outer style-local-1288-c4-outer\">\n            <div data-colibri-id=\"1288-c4\" class=\"d-flex h-flex-basis h-column__inner h-px-lg-2 h-px-md-2 h-px-2 v-inner-lg-2 v-inner-md-2 v-inner-2 style-727 style-local-1288-c4 position-relative\">\n              <!---->\n              <!---->\n              <div class=\"w-100 h-y-container h-column__content h-column__v-align flex-basis-100 align-self-lg-center align-self-md-center align-self-center\">\n                <!---->\n                <div data-colibri-id=\"1288-c5\" class=\"h-global-transition-all h-heading style-728 style-local-1288-c5 position-relative h-element\">\n                  <!---->\n                  <div class=\"h-heading__outer style-728 style-local-1288-c5\">\n                    <!---->\n                    <!---->\n                    <h5 class=\"\">JULE&nbsp; SNE<\/h5>\n                  <\/div>\n                <\/div>\n                <div data-colibri-id=\"1288-c6\" class=\"h-global-transition-all h-heading style-729 style-local-1288-c6 position-relative h-element\">\n                  <!---->\n                  <div class=\"h-heading__outer style-729 style-local-1288-c6\">\n                    <!---->\n                    <!---->\n                    <h3 class=\"\">R\u00f8nne i snevejr<\/h3>\n                  <\/div>\n                <\/div>\n                <div data-colibri-id=\"1288-c7\" class=\"h-text h-text-component style-730 style-local-1288-c7 position-relative h-element\">\n                  <!---->\n                  <!---->\n                  <div class=\"\">\n                    <p>Lorem ipsum dolor sit amet, at mei dolore tritani repudiandae. In his nemore temporibus consequuntur, vim ad prima vivendum consetetur. Viderer feugiat at pro, mea aperiam.<\/p>\n                  <\/div>\n                <\/div>\n              <\/div>\n            <\/div>\n          <\/div>\n          <div class=\"h-column h-column-container d-flex h-col-lg-auto h-col-md-auto h-col-auto style-733-outer style-local-1288-c8-outer\">\n            <div data-colibri-id=\"1288-c8\" class=\"d-flex h-flex-basis h-column__inner h-px-lg-2 h-px-md-2 h-px-2 v-inner-lg-2 v-inner-md-2 v-inner-2 style-733 style-local-1288-c8 position-relative\">\n              <!---->\n              <!---->\n              <div class=\"w-100 h-y-container h-column__content h-column__v-align flex-basis-100 align-self-lg-center align-self-md-center align-self-center\">\n                <!---->\n                <div data-colibri-id=\"1288-c9\" class=\"d-block style-734 style-local-1288-c9 position-relative h-element\">\n                  <!---->\n                  <div class=\"h-image__frame-container-outer\">\n                    <div class=\"h-image__frame-container\">\n                      <!---->\n                      <!---->\n                      <img loading=\"lazy\" decoding=\"async\" width=\"2048\" height=\"1365\" src=\"https:\/\/bornholmermotiver.dk\/wp-content\/uploads\/2025\/04\/23KH4300.jpg\" class=\"wp-image-871 style-734-image style-local-1288-c9-image\" alt=\"\" srcset=\"https:\/\/bornholmermotiver.dk\/wp-content\/uploads\/2025\/04\/23KH4300.jpg 2048w, https:\/\/bornholmermotiver.dk\/wp-content\/uploads\/2025\/04\/23KH4300-300x200.jpg 300w, https:\/\/bornholmermotiver.dk\/wp-content\/uploads\/2025\/04\/23KH4300-1024x683.jpg 1024w, https:\/\/bornholmermotiver.dk\/wp-content\/uploads\/2025\/04\/23KH4300-768x512.jpg 768w, https:\/\/bornholmermotiver.dk\/wp-content\/uploads\/2025\/04\/23KH4300-1536x1024.jpg 1536w\" sizes=\"auto, (max-width: 2048px) 100vw, 2048px\" \/>\n                      <div class=\"h-image__frame h-hide-sm style-734-frameImage style-local-1288-c9-frameImage\"><\/div>\n                    <\/div>\n                  <\/div>\n                <\/div>\n              <\/div>\n            <\/div>\n          <\/div>\n        <\/div>\n      <\/div>\n    <\/div>\n  <\/div>\n  <div data-colibri-component=\"section\" data-colibri-id=\"1288-c14\" id=\"about-2\" class=\"h-section h-section-global-spacing d-flex align-items-lg-center align-items-md-center align-items-center style-739 style-local-1288-c14 position-relative\">\n    <!---->\n    <!---->\n    <div class=\"h-section-grid-container h-section-boxed-container\">\n      <!---->\n      <div data-colibri-id=\"1288-c15\" class=\"h-row-container gutters-row-lg-2 gutters-row-md-2 gutters-row-2 gutters-row-v-lg-2 gutters-row-v-md-2 gutters-row-v-2 style-740 style-local-1288-c15 position-relative\">\n        <!---->\n        <div class=\"h-row justify-content-lg-center justify-content-md-center justify-content-center align-items-lg-stretch align-items-md-stretch align-items-stretch gutters-col-lg-2 gutters-col-md-2 gutters-col-2 gutters-col-v-lg-2 gutters-col-v-md-2 gutters-col-v-2\">\n          <!---->\n          <div class=\"h-column h-column-container d-flex h-col-lg-auto h-col-md-auto h-col-auto style-741-outer style-local-1288-c16-outer\">\n            <div data-colibri-id=\"1288-c16\" class=\"d-flex h-flex-basis h-column__inner h-px-lg-2 h-px-md-2 h-px-2 v-inner-lg-2 v-inner-md-2 v-inner-2 style-741 style-local-1288-c16 position-relative\">\n              <!---->\n              <!---->\n              <div class=\"w-100 h-y-container h-column__content h-column__v-align flex-basis-100 align-self-lg-center align-self-md-center align-self-center\">\n                <!---->\n                <div data-colibri-id=\"1288-c17\" class=\"h-global-transition-all h-heading style-742 style-local-1288-c17 position-relative h-element\">\n                  <!---->\n                  <div class=\"h-heading__outer style-742 style-local-1288-c17\">\n                    <!---->\n                    <!---->\n                    <h5 class=\"\">Play it Sam<\/h5>\n                  <\/div>\n                <\/div>\n                <div data-colibri-id=\"1288-c18\" class=\"h-global-transition-all h-heading style-743 style-local-1288-c18 position-relative h-element\">\n                  <!---->\n                  <div class=\"h-heading__outer style-743 style-local-1288-c18\">\n                    <!---->\n                    <!---->\n                    <h3 class=\"\">Klaveret&nbsp;<\/h3>\n                  <\/div>\n                <\/div>\n                <div data-colibri-id=\"1288-c19\" class=\"h-text h-text-component style-744 style-local-1288-c19 position-relative h-element\">\n                  <!---->\n                  <!---->\n                  <div class=\"\">\n                    <p>Lorem ipsum dolor sit amet, at mei dolore tritani repudiandae. In his nemore temporibus consequuntur, vim ad prima vivendum consetetur. Viderer feugiat at pro, mea aperiam.<\/p>\n                  <\/div>\n                <\/div>\n              <\/div>\n            <\/div>\n          <\/div>\n          <div class=\"h-column h-column-container d-flex h-col-lg-auto h-col-md-auto h-col-auto style-747-outer style-local-1288-c20-outer\">\n            <div data-colibri-id=\"1288-c20\" class=\"d-flex h-flex-basis h-column__inner h-px-lg-2 h-px-md-2 h-px-2 v-inner-lg-2 v-inner-md-2 v-inner-2 style-747 style-local-1288-c20 position-relative\">\n              <!---->\n              <!---->\n              <div class=\"w-100 h-y-container h-column__content h-column__v-align flex-basis-100 align-self-lg-center align-self-md-center align-self-center\">\n                <!---->\n                <div data-colibri-id=\"1288-c21\" class=\"d-block style-748 style-local-1288-c21 position-relative h-element\">\n                  <!---->\n                  <div class=\"h-image__frame-container-outer\">\n                    <div class=\"h-image__frame-container\">\n                      <!---->\n                      <!---->\n                      <img loading=\"lazy\" decoding=\"async\" width=\"2048\" height=\"1365\" src=\"https:\/\/bornholmermotiver.dk\/wp-content\/uploads\/2025\/04\/22KH7323.jpg\" class=\"wp-image-880 style-748-image style-local-1288-c21-image\" alt=\"\" srcset=\"https:\/\/bornholmermotiver.dk\/wp-content\/uploads\/2025\/04\/22KH7323.jpg 2048w, https:\/\/bornholmermotiver.dk\/wp-content\/uploads\/2025\/04\/22KH7323-300x200.jpg 300w, https:\/\/bornholmermotiver.dk\/wp-content\/uploads\/2025\/04\/22KH7323-1024x683.jpg 1024w, https:\/\/bornholmermotiver.dk\/wp-content\/uploads\/2025\/04\/22KH7323-768x512.jpg 768w, https:\/\/bornholmermotiver.dk\/wp-content\/uploads\/2025\/04\/22KH7323-1536x1024.jpg 1536w\" sizes=\"auto, (max-width: 2048px) 100vw, 2048px\" \/>\n                      <div class=\"h-image__frame h-hide-sm style-748-frameImage style-local-1288-c21-frameImage\"><\/div>\n                    <\/div>\n                  <\/div>\n                <\/div>\n              <\/div>\n            <\/div>\n          <\/div>\n        <\/div>\n      <\/div>\n    <\/div>\n  <\/div>\n  <div data-colibri-component=\"section\" data-colibri-id=\"1288-c22\" id=\"about-3\" class=\"h-section h-section-global-spacing d-flex align-items-lg-center align-items-md-center align-items-center style-749 style-local-1288-c22 position-relative\">\n    <!---->\n    <!---->\n    <div class=\"h-section-grid-container h-section-boxed-container\">\n      <!---->\n      <div data-colibri-id=\"1288-c23\" class=\"h-row-container gutters-row-lg-2 gutters-row-md-2 gutters-row-2 gutters-row-v-lg-2 gutters-row-v-md-2 gutters-row-v-2 style-750 style-local-1288-c23 position-relative\">\n        <!---->\n        <div class=\"h-row justify-content-lg-center justify-content-md-center justify-content-center align-items-lg-stretch align-items-md-stretch align-items-stretch gutters-col-lg-2 gutters-col-md-2 gutters-col-2 gutters-col-v-lg-2 gutters-col-v-md-2 gutters-col-v-2\">\n          <!---->\n          <div class=\"h-column h-column-container d-flex h-col-lg-auto h-col-md-auto h-col-auto style-751-outer style-local-1288-c24-outer\">\n            <div data-colibri-id=\"1288-c24\" class=\"d-flex h-flex-basis h-column__inner h-px-lg-2 h-px-md-2 h-px-2 v-inner-lg-2 v-inner-md-2 v-inner-2 style-751 style-local-1288-c24 position-relative\">\n              <!---->\n              <!---->\n              <div class=\"w-100 h-y-container h-column__content h-column__v-align flex-basis-100 align-self-lg-center align-self-md-center align-self-center\">\n                <!---->\n                <div data-colibri-id=\"1288-c25\" class=\"h-global-transition-all h-heading style-752 style-local-1288-c25 position-relative h-element\">\n                  <!---->\n                  <div class=\"h-heading__outer style-752 style-local-1288-c25\">\n                    <!---->\n                    <!---->\n                    <h5 class=\"\">NAT P\u00c5 BORGEN<\/h5>\n                  <\/div>\n                <\/div>\n                <div data-colibri-id=\"1288-c26\" class=\"h-global-transition-all h-heading style-753 style-local-1288-c26 position-relative h-element\">\n                  <!---->\n                  <div class=\"h-heading__outer style-753 style-local-1288-c26\">\n                    <!---->\n                    <!---->\n                    <h3 class=\"\">Mantelt\u00e5rnet<\/h3>\n                  <\/div>\n                <\/div>\n                <div data-colibri-id=\"1288-c27\" class=\"h-text h-text-component style-754 style-local-1288-c27 position-relative h-element\">\n                  <!---->\n                  <!---->\n                  <div class=\"\">\n                    <p>N\u00e5r sommeren g\u00e5r p\u00e5 held og efter\u00e5ret tr\u00e6nger sig p\u00e5, klarer nattehimmelen oftest op og giver anledning til at tage en tur til Nordeuropas st\u00f8rste borgruin. Her oppe m\u00f8der man sj\u00e6ldent mennesker om natten, og forst\u00e5eligt nok da man\n                      d\u00e5rlig nok kan se en h\u00e5nd foran sig, men det er netop her det magiske sker.<\/p>\n                    <p>Her er helt stille nu&#8230; jeg er en smule ydmyg overfor borgens historiske kontekst med stedets mange sk\u00e6bner, hvilket s\u00e6tter mine t\u00e6nker i frit spil. N\u00e5r nattehimmelen \u00e5benbarer sig med tusindvis af stjerner og en klar aftegning af\n                      m\u00e6lkevejen viser sig, er magien total.&nbsp;<\/p>\n                    <p>Jeg elsker det her sted, ogs\u00e5 om natten.<\/p>\n                  <\/div>\n                <\/div>\n              <\/div>\n            <\/div>\n          <\/div>\n          <div class=\"h-column h-column-container d-flex h-col-lg-auto h-col-md-auto h-col-auto style-757-outer style-local-1288-c28-outer\">\n            <div data-colibri-id=\"1288-c28\" class=\"d-flex h-flex-basis h-column__inner h-px-lg-2 h-px-md-2 h-px-2 v-inner-lg-2 v-inner-md-2 v-inner-2 style-757 style-local-1288-c28 position-relative\">\n              <!---->\n              <!---->\n              <div class=\"w-100 h-y-container h-column__content h-column__v-align flex-basis-100 align-self-lg-center align-self-md-center align-self-center\">\n                <!---->\n                <div data-colibri-id=\"1288-c29\" class=\"d-block style-758 style-local-1288-c29 position-relative h-element\">\n                  <!---->\n                  <div class=\"h-image__frame-container-outer\">\n                    <div class=\"h-image__frame-container\">\n                      <!---->\n                      <!---->\n                      <img loading=\"lazy\" decoding=\"async\" width=\"2048\" height=\"1365\" src=\"https:\/\/bornholmermotiver.dk\/wp-content\/uploads\/2025\/05\/T16A3794-Enhanced-NR.jpg\" class=\"wp-image-1418 style-758-image style-local-1288-c29-image\" alt=\"\" srcset=\"https:\/\/bornholmermotiver.dk\/wp-content\/uploads\/2025\/05\/T16A3794-Enhanced-NR.jpg 2048w, https:\/\/bornholmermotiver.dk\/wp-content\/uploads\/2025\/05\/T16A3794-Enhanced-NR-300x200.jpg 300w, https:\/\/bornholmermotiver.dk\/wp-content\/uploads\/2025\/05\/T16A3794-Enhanced-NR-1024x683.jpg 1024w, https:\/\/bornholmermotiver.dk\/wp-content\/uploads\/2025\/05\/T16A3794-Enhanced-NR-768x512.jpg 768w, https:\/\/bornholmermotiver.dk\/wp-content\/uploads\/2025\/05\/T16A3794-Enhanced-NR-1536x1024.jpg 1536w\" sizes=\"auto, (max-width: 2048px) 100vw, 2048px\" \/>\n                      <div class=\"h-image__frame h-hide-sm style-758-frameImage style-local-1288-c29-frameImage\"><\/div>\n                    <\/div>\n                  <\/div>\n                <\/div>\n              <\/div>\n            <\/div>\n          <\/div>\n        <\/div>\n      <\/div>\n    <\/div>\n  <\/div>\n  <div data-colibri-component=\"section\" data-colibri-id=\"1288-c30\" id=\"about-4\" class=\"h-section h-section-global-spacing d-flex align-items-lg-center align-items-md-center align-items-center style-759 style-local-1288-c30 position-relative\">\n    <!---->\n    <!---->\n    <div class=\"h-section-grid-container h-section-boxed-container\">\n      <!---->\n      <div data-colibri-id=\"1288-c31\" class=\"h-row-container gutters-row-lg-2 gutters-row-md-2 gutters-row-2 gutters-row-v-lg-2 gutters-row-v-md-2 gutters-row-v-2 style-760 style-local-1288-c31 position-relative\">\n        <!---->\n        <div class=\"h-row justify-content-lg-center justify-content-md-center justify-content-center align-items-lg-stretch align-items-md-stretch align-items-stretch gutters-col-lg-2 gutters-col-md-2 gutters-col-2 gutters-col-v-lg-2 gutters-col-v-md-2 gutters-col-v-2\">\n          <!---->\n          <div class=\"h-column h-column-container d-flex h-col-lg-auto h-col-md-auto h-col-auto style-761-outer style-local-1288-c32-outer\">\n            <div data-colibri-id=\"1288-c32\" class=\"d-flex h-flex-basis h-column__inner h-px-lg-2 h-px-md-2 h-px-2 v-inner-lg-2 v-inner-md-2 v-inner-2 style-761 style-local-1288-c32 position-relative\">\n              <!---->\n              <!---->\n              <div class=\"w-100 h-y-container h-column__content h-column__v-align flex-basis-100 align-self-lg-center align-self-md-center align-self-center\">\n                <!---->\n                <div data-colibri-id=\"1288-c33\" class=\"h-global-transition-all h-heading style-762 style-local-1288-c33 position-relative h-element\">\n                  <!---->\n                  <div class=\"h-heading__outer style-762 style-local-1288-c33\">\n                    <!---->\n                    <!---->\n                    <h5 class=\"\">Plads 12<\/h5>\n                  <\/div>\n                <\/div>\n                <div data-colibri-id=\"1288-c34\" class=\"h-global-transition-all h-heading style-763 style-local-1288-c34 position-relative h-element\">\n                  <!---->\n                  <div class=\"h-heading__outer style-763 style-local-1288-c34\">\n                    <!---->\n                    <!---->\n                    <h3 class=\"\">R\u00f8nne Teater<\/h3>\n                  <\/div>\n                <\/div>\n                <div data-colibri-id=\"1288-c35\" class=\"h-text h-text-component style-764 style-local-1288-c35 position-relative h-element\">\n                  <!---->\n                  <!---->\n                  <div class=\"\">\n                    <p><span style=\"color: rgb(71, 71, 71); font-family: Arial, sans-serif; font-size: 14px; font-weight: 400;\">R\u00f8nne teater er opf\u00f8rt i 1823 og er det \u00e6ldste fungerende teater i Danmark. Det ligger p\u00e5 dets oprindelige sted og stadig bruges som teater.<\/span><\/p>\n                  <\/div>\n                <\/div>\n              <\/div>\n            <\/div>\n          <\/div>\n          <div class=\"h-column h-column-container d-flex h-col-lg-auto h-col-md-auto h-col-auto style-767-outer style-local-1288-c36-outer\">\n            <div data-colibri-id=\"1288-c36\" class=\"d-flex h-flex-basis h-column__inner h-px-lg-2 h-px-md-2 h-px-2 v-inner-lg-2 v-inner-md-2 v-inner-2 style-767 style-local-1288-c36 position-relative\">\n              <!---->\n              <!---->\n              <div class=\"w-100 h-y-container h-column__content h-column__v-align flex-basis-100 align-self-lg-center align-self-md-center align-self-center\">\n                <!---->\n                <div data-colibri-id=\"1288-c37\" class=\"d-block style-768 style-local-1288-c37 position-relative h-element\">\n                  <!---->\n                  <div class=\"h-image__frame-container-outer\">\n                    <div class=\"h-image__frame-container\">\n                      <!---->\n                      <!---->\n                      <img loading=\"lazy\" decoding=\"async\" width=\"1365\" height=\"2048\" src=\"https:\/\/bornholmermotiver.dk\/wp-content\/uploads\/2025\/04\/22KH7220.jpg\" class=\"wp-image-878 style-768-image style-local-1288-c37-image\" alt=\"\" srcset=\"https:\/\/bornholmermotiver.dk\/wp-content\/uploads\/2025\/04\/22KH7220.jpg 1365w, https:\/\/bornholmermotiver.dk\/wp-content\/uploads\/2025\/04\/22KH7220-200x300.jpg 200w, https:\/\/bornholmermotiver.dk\/wp-content\/uploads\/2025\/04\/22KH7220-683x1024.jpg 683w, https:\/\/bornholmermotiver.dk\/wp-content\/uploads\/2025\/04\/22KH7220-768x1152.jpg 768w, https:\/\/bornholmermotiver.dk\/wp-content\/uploads\/2025\/04\/22KH7220-1024x1536.jpg 1024w\" sizes=\"auto, (max-width: 1365px) 100vw, 1365px\" \/>\n                      <div class=\"h-image__frame h-hide-sm style-768-frameImage style-local-1288-c37-frameImage\"><\/div>\n                    <\/div>\n                  <\/div>\n                <\/div>\n              <\/div>\n            <\/div>\n          <\/div>\n        <\/div>\n      <\/div>\n    <\/div>\n  <\/div>\n  <div data-colibri-component=\"section\" data-colibri-id=\"1288-c38\" id=\"about-5\" class=\"h-section h-section-global-spacing d-flex align-items-lg-center align-items-md-center align-items-center style-769 style-local-1288-c38 position-relative\">\n    <!---->\n    <!---->\n    <div class=\"h-section-grid-container h-section-boxed-container\">\n      <!---->\n      <div data-colibri-id=\"1288-c39\" class=\"h-row-container gutters-row-lg-2 gutters-row-md-2 gutters-row-2 gutters-row-v-lg-2 gutters-row-v-md-2 gutters-row-v-2 style-770 style-local-1288-c39 position-relative\">\n        <!---->\n        <div class=\"h-row justify-content-lg-center justify-content-md-center justify-content-center align-items-lg-stretch align-items-md-stretch align-items-stretch gutters-col-lg-2 gutters-col-md-2 gutters-col-2 gutters-col-v-lg-2 gutters-col-v-md-2 gutters-col-v-2\">\n          <!---->\n          <div class=\"h-column h-column-container d-flex h-col-lg-auto h-col-md-auto h-col-auto style-771-outer style-local-1288-c40-outer\">\n            <div data-colibri-id=\"1288-c40\" class=\"d-flex h-flex-basis h-column__inner h-px-lg-2 h-px-md-2 h-px-2 v-inner-lg-2 v-inner-md-2 v-inner-2 style-771 style-local-1288-c40 position-relative\">\n              <!---->\n              <!---->\n              <div class=\"w-100 h-y-container h-column__content h-column__v-align flex-basis-100 align-self-lg-center align-self-md-center align-self-center\">\n                <!---->\n                <div data-colibri-id=\"1288-c41\" class=\"h-global-transition-all h-heading style-772 style-local-1288-c41 position-relative h-element\">\n                  <!---->\n                  <div class=\"h-heading__outer style-772 style-local-1288-c41\">\n                    <!---->\n                    <!---->\n                    <h5 class=\"\">THE BEST SPOT<\/h5>\n                  <\/div>\n                <\/div>\n                <div data-colibri-id=\"1288-c42\" class=\"h-global-transition-all h-heading style-773 style-local-1288-c42 position-relative h-element\">\n                  <!---->\n                  <div class=\"h-heading__outer style-773 style-local-1288-c42\">\n                    <!---->\n                    <!---->\n                    <h3 class=\"\">Kamelhovederne<\/h3>\n                  <\/div>\n                <\/div>\n                <div data-colibri-id=\"1288-c43\" class=\"h-text h-text-component style-774 style-local-1288-c43 position-relative h-element\">\n                  <!---->\n                  <!---->\n                  <div class=\"\">\n                    <p>Hvis man ikke er bange for at begive sig ud p\u00e5 en tur i besv\u00e6rligt terr\u00e6n, kan man kravle ned af en stejle spr\u00e6kke skr\u00e5ning mellem klipperne, helt ned til vandkanten hvor solens nedgang nedgang mellem kamelhovederne og l\u00f8vehovedet.<\/p>\n                  <\/div>\n                <\/div>\n              <\/div>\n            <\/div>\n          <\/div>\n          <div class=\"h-column h-column-container d-flex h-col-lg-auto h-col-md-auto h-col-auto style-777-outer style-local-1288-c44-outer\">\n            <div data-colibri-id=\"1288-c44\" class=\"d-flex h-flex-basis h-column__inner h-px-lg-2 h-px-md-2 h-px-2 v-inner-lg-2 v-inner-md-2 v-inner-2 style-777 style-local-1288-c44 position-relative\">\n              <!---->\n              <!---->\n              <div class=\"w-100 h-y-container h-column__content h-column__v-align flex-basis-100 align-self-lg-center align-self-md-center align-self-center\">\n                <!---->\n                <div data-colibri-id=\"1288-c45\" class=\"d-block style-778 style-local-1288-c45 position-relative h-element\">\n                  <!---->\n                  <div class=\"h-image__frame-container-outer\">\n                    <div class=\"h-image__frame-container\">\n                      <!---->\n                      <!---->\n                      <img loading=\"lazy\" decoding=\"async\" width=\"2048\" height=\"1365\" src=\"https:\/\/bornholmermotiver.dk\/wp-content\/uploads\/2025\/04\/23KH7898.jpg\" class=\"wp-image-885 style-778-image style-local-1288-c45-image\" alt=\"\" srcset=\"https:\/\/bornholmermotiver.dk\/wp-content\/uploads\/2025\/04\/23KH7898.jpg 2048w, https:\/\/bornholmermotiver.dk\/wp-content\/uploads\/2025\/04\/23KH7898-300x200.jpg 300w, https:\/\/bornholmermotiver.dk\/wp-content\/uploads\/2025\/04\/23KH7898-1024x683.jpg 1024w, https:\/\/bornholmermotiver.dk\/wp-content\/uploads\/2025\/04\/23KH7898-768x512.jpg 768w, https:\/\/bornholmermotiver.dk\/wp-content\/uploads\/2025\/04\/23KH7898-1536x1024.jpg 1536w\" sizes=\"auto, (max-width: 2048px) 100vw, 2048px\" \/>\n                      <div class=\"h-image__frame h-hide-sm style-778-frameImage style-local-1288-c45-frameImage\"><\/div>\n                    <\/div>\n                  <\/div>\n                <\/div>\n              <\/div>\n            <\/div>\n          <\/div>\n        <\/div>\n      <\/div>\n    <\/div>\n  <\/div>\n<\/div>","protected":false},"excerpt":{"rendered":"<p>JULE&nbsp; SNE R\u00f8nne i snevejr Lorem ipsum dolor sit amet, at mei dolore [&hellip;]<\/p>\n","protected":false},"author":1,"featured_media":0,"parent":0,"menu_order":0,"comment_status":"closed","ping_status":"closed","template":"page-templates\/full-width-page.php","meta":{"footnotes":""},"class_list":["post-1288","page","type-page","status-publish","hentry"],"_links":{"self":[{"href":"https:\/\/bornholmermotiver.dk\/index.php?rest_route=\/wp\/v2\/pages\/1288","targetHints":{"allow":["GET"]}}],"collection":[{"href":"https:\/\/bornholmermotiver.dk\/index.php?rest_route=\/wp\/v2\/pages"}],"about":[{"href":"https:\/\/bornholmermotiver.dk\/index.php?rest_route=\/wp\/v2\/types\/page"}],"author":[{"embeddable":true,"href":"https:\/\/bornholmermotiver.dk\/index.php?rest_route=\/wp\/v2\/users\/1"}],"replies":[{"embeddable":true,"href":"https:\/\/bornholmermotiver.dk\/index.php?rest_route=%2Fwp%2Fv2%2Fcomments&post=1288"}],"version-history":[{"count":16,"href":"https:\/\/bornholmermotiver.dk\/index.php?rest_route=\/wp\/v2\/pages\/1288\/revisions"}],"predecessor-version":[{"id":1421,"href":"https:\/\/bornholmermotiver.dk\/index.php?rest_route=\/wp\/v2\/pages\/1288\/revisions\/1421"}],"wp:attachment":[{"href":"https:\/\/bornholmermotiver.dk\/index.php?rest_route=%2Fwp%2Fv2%2Fmedia&parent=1288"}],"curies":[{"name":"wp","href":"https:\/\/api.w.org\/{rel}","templated":true}]}}